{"id":333,"date":"2012-01-22T18:58:13","date_gmt":"2012-01-22T17:58:13","guid":{"rendered":"http:\/\/nette.marcelrudert.de\/?page_id=333"},"modified":"2018-09-18T09:29:08","modified_gmt":"2018-09-18T08:29:08","slug":"tanzen-auf-dem-regenbogen","status":"publish","type":"page","link":"https:\/\/liedermacherin-nette.de\/?page_id=333","title":{"rendered":"&#8230;.tanzen auf dem Regenbogen"},"content":{"rendered":"<ol>\n<li><a title=\"K\u00f6nigin\" href=\"https:\/\/liedermacherin-nette.de\/?p=158\">K\u00f6nigin<\/a><\/li>\n<li><a title=\"Jeder kennt dich\" href=\"https:\/\/liedermacherin-nette.de\/?p=156\">Jeder kennt dich<\/a><\/li>\n<li><a title=\"Sie\" href=\"http:\/\/www.liedermacherin-nette.de\/?p=154\">Sie<\/a><\/li>\n<li><a title=\"Never too late\" href=\"http:\/\/www.liedermacherin-nette.de\/?p=152\">Never too late<\/a><\/li>\n<li><a title=\"Ich glaub\u00b4 dir nicht\" href=\"https:\/\/liedermacherin-nette.de\/?p=149\">Ich glaub\u00b4dir nicht<\/a><\/li>\n<li><a title=\"Ich komm\u00b4 heut\u00b4 Nacht im Traum zu dir\" href=\"https:\/\/liedermacherin-nette.de\/?p=143\">Ich komm\u00b4heut\u00b4nacht im Traum zu dir<\/a><\/li>\n<li><a title=\"Mit mir nicht\" href=\"https:\/\/liedermacherin-nette.de\/?p=140\">Mit mir nicht<\/a><\/li>\n<li><a title=\"Vorbei\" href=\"https:\/\/liedermacherin-nette.de\/?p=137\">Vorbei<\/a><\/li>\n<li><a title=\"Don\u00b4t look at me\" href=\"https:\/\/liedermacherin-nette.de\/?p=134\">Don\u00b4t look at me<\/a><\/li>\n<li><a title=\"I want you to stay\" href=\"https:\/\/liedermacherin-nette.de\/?p=132\">I want you to stay<\/a><\/li>\n<li><a title=\"Together you are strong\" href=\"https:\/\/liedermacherin-nette.de\/?p=129\">Together you are strong<\/a><\/li>\n<li><a title=\"Manchmal bin ich\" href=\"https:\/\/liedermacherin-nette.de\/?p=127\">Manchmal bin ich<\/a><\/li>\n<\/ol>\n<p>&#8230;tanzen auf dem Regenbogen<br \/>\nVertr\u00e4umt und melancholisch, bisweilen heiter und verspielt, gelegentlich auch w\u00fctend l\u00e4sst NETTE ihre Gef\u00fchle tanzen. Die Empfindungen, Hoffnungen und Sehns\u00fcchte werden durch ihre Songs zu lebendigem Klang und mitf\u00fchlendem Ausdruck. Sie sind so farbig wie ein Regenbogen.<\/p>\n<p>Den erlebten Gef\u00fchlswelten von Frauen widmet Liedermacherin NETTE dieses Album.<\/p>\n","protected":false},"excerpt":{"rendered":"<p>K\u00f6nigin Jeder kennt dich Sie Never too late Ich glaub\u00b4dir nicht Ich komm\u00b4heut\u00b4nacht im Traum zu dir Mit mir nicht Vorbei Don\u00b4t look at me I want you to stay Together you are strong Manchmal bin ich &#8230;tanzen auf dem Regenbogen Vertr\u00e4umt und melancholisch, bisweilen heiter &hellip; <\/p>\n<p><a href=\"https:\/\/liedermacherin-nette.de\/?page_id=333\" class=\"more-link\"><span class=\"morelink-icon\">Weiterlesen<\/span><\/a><\/p>\n","protected":false},"author":2,"featured_media":0,"parent":53,"menu_order":100,"comment_status":"closed","ping_status":"closed","template":"","meta":{"ngg_post_thumbnail":0},"_links":{"self":[{"href":"https:\/\/liedermacherin-nette.de\/index.php?rest_route=\/wp\/v2\/pages\/333"}],"collection":[{"href":"https:\/\/liedermacherin-nette.de\/index.php?rest_route=\/wp\/v2\/pages"}],"about":[{"href":"https:\/\/liedermacherin-nette.de\/index.php?rest_route=\/wp\/v2\/types\/page"}],"author":[{"embeddable":true,"href":"https:\/\/liedermacherin-nette.de\/index.php?rest_route=\/wp\/v2\/users\/2"}],"replies":[{"embeddable":true,"href":"https:\/\/liedermacherin-nette.de\/index.php?rest_route=%2Fwp%2Fv2%2Fcomments&post=333"}],"version-history":[{"count":16,"href":"https:\/\/liedermacherin-nette.de\/index.php?rest_route=\/wp\/v2\/pages\/333\/revisions"}],"predecessor-version":[{"id":873,"href":"https:\/\/liedermacherin-nette.de\/index.php?rest_route=\/wp\/v2\/pages\/333\/revisions\/873"}],"up":[{"embeddable":true,"href":"https:\/\/liedermacherin-nette.de\/index.php?rest_route=\/wp\/v2\/pages\/53"}],"wp:attachment":[{"href":"https:\/\/liedermacherin-nette.de\/index.php?rest_route=%2Fwp%2Fv2%2Fmedia&parent=333"}],"curies":[{"name":"wp","href":"https:\/\/api.w.org\/{rel}","templated":true}]}}