{"id":1124,"date":"2020-11-17T12:48:57","date_gmt":"2020-11-17T11:48:57","guid":{"rendered":"https:\/\/liedermacherin-nette.de\/?page_id=1124"},"modified":"2021-03-23T21:17:27","modified_gmt":"2021-03-23T20:17:27","slug":"braucht-es-ein-lied","status":"publish","type":"page","link":"https:\/\/liedermacherin-nette.de\/?page_id=1124","title":{"rendered":"Braucht es ein Lied?"},"content":{"rendered":"\n<figure class=\"wp-block-image size-large\"><img src=\"https:\/\/liedermacherin-nette.de\/wp-content\/uploads\/2020\/11\/cover-idee-rueckseite-ver1.jpg\" alt=\"\" class=\"wp-image-1125\"\/><figcaption>Albumcover <em>Braucht es ein Lied<\/em>?<\/figcaption><\/figure>\n\n\n\n<p><strong>JETZT erh\u00e4ltlich als CD sowie auf allen g\u00e4ngigen Streaming- und digitalen Verkaufsportalen!<\/strong><\/p>\n\n\n\n<figure class=\"wp-block-embed-youtube wp-block-embed is-type-video is-provider-youtube wp-embed-aspect-16-9 wp-has-aspect-ratio\"><div class=\"wp-block-embed__wrapper\">\n<iframe loading=\"lazy\" title=\"Braucht es ein Lied?- Albumteaser\" width=\"960\" height=\"540\" src=\"https:\/\/www.youtube.com\/embed\/9qu_L8J43lM?feature=oembed\" frameborder=\"0\" allow=\"accelerometer; autoplay; clipboard-write; encrypted-media; gyroscope; picture-in-picture\" allowfullscreen><\/iframe>\n<\/div><\/figure>\n\n\n\n<p>Tracklist (f\u00fcr Songtext jeweiligen Song anklicken):<\/p>\n\n\n\n<ol><li><a href=\"https:\/\/liedermacherin-nette.de\/?p=1149\">Braucht es ein Lied?<\/a><\/li><li><a href=\"https:\/\/liedermacherin-nette.de\/?p=1151\">Wie lange noch?<\/a><\/li><li><a href=\"https:\/\/liedermacherin-nette.de\/?p=1153\">Go Vegan<\/a><\/li><li><a href=\"https:\/\/liedermacherin-nette.de\/?p=1155\">Bitte schau hin<\/a><\/li><li><a href=\"https:\/\/liedermacherin-nette.de\/?p=1149\">Braucht es ein Lied<\/a> [Raggae-Version]<\/li><li><a href=\"https:\/\/liedermacherin-nette.de\/?p=1157\">Feel their pain<\/a> [feat. IFEEL]<\/li><li><a href=\"https:\/\/liedermacherin-nette.de\/?p=1159\">Lass sie uns befreien<\/a><\/li><li><a href=\"https:\/\/liedermacherin-nette.de\/?p=1161\">How silent would you like me to be if you were the victim<\/a><\/li><li><a href=\"https:\/\/liedermacherin-nette.de\/?p=1163\">Wer gibt dir das Recht?<\/a><\/li><li><a href=\"https:\/\/liedermacherin-nette.de\/?p=1149\">Braucht es ein Lied? <\/a>[Rock-Version]<\/li><li><a href=\"https:\/\/liedermacherin-nette.de\/?p=1165\">Tierversuche &#8211; wir sagen nein<\/a><\/li><li><a href=\"https:\/\/liedermacherin-nette.de\/?p=1167\">Denk selber<\/a><\/li><li><a href=\"https:\/\/liedermacherin-nette.de\/?p=1169\">Weil ich Frieden will<\/a><\/li><li><a href=\"https:\/\/liedermacherin-nette.de\/?p=1171\">Mit Hoffnung in diesen Tag<\/a><\/li><li><a href=\"https:\/\/liedermacherin-nette.de\/?p=1149\">Braucht es ein Lied? <\/a>[Jazz]<\/li><li><a href=\"https:\/\/liedermacherin-nette.de\/?p=1173\">Worauf wartest Du?<\/a><\/li><li><a href=\"https:\/\/liedermacherin-nette.de\/?p=1182\">Zeit f\u00fcr Ver\u00e4nderung<\/a><\/li><\/ol>\n\n\n\n<p><strong>AnNETTE Rudert<\/strong> &#8211; Main &amp; Backing Vocals [au\u00dfer Track 5, 15], Texte, Kompositionen [au\u00dfer Track 17], Produktion<\/p>\n\n\n\n<p><strong>Marcel Rudert<\/strong> &#8211; Kompositionen [Track 2, 3, 4, 6, 8, 11, 16, 17], Arrangements, Instrumente, Recording, Co-Produktion, Main Vocals [Track 5, 17], Backing Vocals [Track 3, 4, 7, 8, 11]<\/p>\n\n\n\n<p><strong>Natascha Wenrich<\/strong> &#8211; Main Vocals [Track 3, 10, 13, 15, 16], Backing-Vocals [Track 2, 3, 4, 7, 9, 11]<\/p>\n\n\n\n<p><strong>Ada Wiedermann <\/strong>&#8211;<strong> <\/strong>Backing Vocals [Track 2, 3, 4, 7, 8, 11, 13, 17]<\/p>\n\n\n\n<p><strong>IFEEL <\/strong>(Dragan Surlan) &#8211; Featuring Main Vocals (Rap) [Track 6]<\/p>\n\n\n\n<p><strong>Dr. Mark Benecke<\/strong> &#8211;<strong> <\/strong>Voice-Over (Interview) [Track 17]<\/p>\n\n\n\n<p><strong>Susann Dinkelacker <\/strong>&#8211;<strong> <\/strong>Voice-Over (als erstes Herz) [Track 2]<\/p>\n\n\n\n<p><strong>Julian J\u00f6nck<\/strong> (Withering Leaves Studio) &#8211; Editing, Mixing<\/p>\n\n\n\n<p><strong>Gino Riccitelli <\/strong>(Silverseat Studio) &#8211; Mastering<\/p>\n\n\n\n<p><strong>R&amp;R Musik Solms <\/strong>&#8211; Ver\u00f6ffentlichung<\/p>\n","protected":false},"excerpt":{"rendered":"<p>JETZT erh\u00e4ltlich als CD sowie auf allen g\u00e4ngigen Streaming- und digitalen Verkaufsportalen! Tracklist (f\u00fcr Songtext jeweiligen Song anklicken): Braucht es ein Lied? Wie lange noch? Go Vegan Bitte schau hin Braucht es ein Lied [Raggae-Version] Feel their pain [feat. IFEEL] Lass sie uns befreien How silent &hellip; <\/p>\n<p><a href=\"https:\/\/liedermacherin-nette.de\/?page_id=1124\" class=\"more-link\"><span class=\"morelink-icon\">Weiterlesen<\/span><\/a><\/p>\n","protected":false},"author":3,"featured_media":0,"parent":53,"menu_order":0,"comment_status":"closed","ping_status":"closed","template":"","meta":{"ngg_post_thumbnail":0},"_links":{"self":[{"href":"https:\/\/liedermacherin-nette.de\/index.php?rest_route=\/wp\/v2\/pages\/1124"}],"collection":[{"href":"https:\/\/liedermacherin-nette.de\/index.php?rest_route=\/wp\/v2\/pages"}],"about":[{"href":"https:\/\/liedermacherin-nette.de\/index.php?rest_route=\/wp\/v2\/types\/page"}],"author":[{"embeddable":true,"href":"https:\/\/liedermacherin-nette.de\/index.php?rest_route=\/wp\/v2\/users\/3"}],"replies":[{"embeddable":true,"href":"https:\/\/liedermacherin-nette.de\/index.php?rest_route=%2Fwp%2Fv2%2Fcomments&post=1124"}],"version-history":[{"count":7,"href":"https:\/\/liedermacherin-nette.de\/index.php?rest_route=\/wp\/v2\/pages\/1124\/revisions"}],"predecessor-version":[{"id":1198,"href":"https:\/\/liedermacherin-nette.de\/index.php?rest_route=\/wp\/v2\/pages\/1124\/revisions\/1198"}],"up":[{"embeddable":true,"href":"https:\/\/liedermacherin-nette.de\/index.php?rest_route=\/wp\/v2\/pages\/53"}],"wp:attachment":[{"href":"https:\/\/liedermacherin-nette.de\/index.php?rest_route=%2Fwp%2Fv2%2Fmedia&parent=1124"}],"curies":[{"name":"wp","href":"https:\/\/api.w.org\/{rel}","templated":true}]}}